{"id":3544,"date":"2026-04-24T12:45:11","date_gmt":"2026-04-24T12:45:11","guid":{"rendered":"https:\/\/sustainabletoursamsterdam.com\/reiseziele\/volendam-touren\/"},"modified":"2026-05-05T12:55:50","modified_gmt":"2026-05-05T12:55:50","slug":"volendam-touren","status":"publish","type":"page","link":"https:\/\/sustainabletoursamsterdam.com\/de\/reiseziele\/volendam-touren\/","title":{"rendered":"Volendam Touren"},"content":{"rendered":"<p><div class=\"fusion-fullwidth fullwidth-box fusion-builder-row-1 fusion-flex-container has-pattern-background has-mask-background nonhundred-percent-fullwidth non-hundred-percent-height-scrolling\" style=\"--awb-border-radius-top-left:0px;--awb-border-radius-top-right:0px;--awb-border-radius-bottom-right:0px;--awb-border-radius-bottom-left:0px;--awb-margin-top:50px;--awb-flex-wrap:wrap;\" ><div class=\"fusion-builder-row fusion-row fusion-flex-align-items-flex-start fusion-flex-content-wrap\" style=\"max-width:1414.4px;margin-left: calc(-4% \/ 2 );margin-right: calc(-4% \/ 2 );\"><div class=\"fusion-layout-column fusion_builder_column fusion-builder-column-0 fusion_builder_column_1_2 1_2 fusion-flex-column\" style=\"--awb-bg-size:cover;--awb-width-large:50%;--awb-margin-top-large:0px;--awb-spacing-right-large:3.84%;--awb-margin-bottom-large:0px;--awb-spacing-left-large:3.84%;--awb-width-medium:50%;--awb-order-medium:0;--awb-spacing-right-medium:3.84%;--awb-spacing-left-medium:3.84%;--awb-width-small:100%;--awb-order-small:0;--awb-margin-top-small:30px;--awb-spacing-right-small:1.92%;--awb-spacing-left-small:1.92%;\"><div class=\"fusion-column-wrapper fusion-column-has-shadow fusion-flex-justify-content-flex-start fusion-content-layout-column\"><script src=\"https:\/\/book.sustainabletoursamsterdam.com\/widget.js\" defer><\/script><booking-widget api=\"https:\/\/book.sustainabletoursamsterdam.com\" google-maps-key=\"AIzaSyDPgdTniHvs-GoABPZi3UTQQSDmCdbzNco\" tour=\"volendam-classic,volendam-premium\"><\/booking-widget>\n<\/div><\/div><div class=\"fusion-layout-column fusion_builder_column fusion-builder-column-1 fusion_builder_column_1_2 1_2 fusion-flex-column\" style=\"--awb-overflow:hidden;--awb-bg-position:center center;--awb-bg-size:cover;--awb-border-radius:10px 10px 10px 10px;--awb-width-large:50%;--awb-margin-top-large:0px;--awb-spacing-right-large:3.84%;--awb-margin-bottom-large:20px;--awb-spacing-left-large:3.84%;--awb-width-medium:50%;--awb-order-medium:0;--awb-spacing-right-medium:3.84%;--awb-spacing-left-medium:3.84%;--awb-width-small:100%;--awb-order-small:0;--awb-spacing-right-small:1.92%;--awb-spacing-left-small:1.92%;\" data-scroll-devices=\"small-visibility,medium-visibility,large-visibility\"><div class=\"fusion-column-wrapper lazyload fusion-column-has-shadow fusion-flex-justify-content-flex-start fusion-content-layout-column fusion-empty-column-bg-image fusion-column-has-bg-image\" data-bg-url=\"https:\/\/sustainabletoursamsterdam.com\/wp-content\/uploads\/2022\/06\/demo-volendam-01.jpg\" data-bg=\"https:\/\/sustainabletoursamsterdam.com\/wp-content\/uploads\/2022\/06\/demo-volendam-01.jpg\"><img decoding=\"async\" class=\"fusion-empty-dims-img-placeholder\" aria-label=\"Volendam\" src=\"data:image\/svg+xml,%3Csvg%20xmlns%3D%27http%3A%2F%2Fwww.w3.org%2F2000%2Fsvg%27%20width%3D%271280%27%20height%3D%27832%27%20viewBox%3D%270%200%201280%20832%27%3E%3Crect%20width%3D%271280%27%20height%3D%27832%27%20fill-opacity%3D%220%22%2F%3E%3C%2Fsvg%3E\"><\/div><\/div><\/div><\/div><div class=\"fusion-fullwidth fullwidth-box fusion-builder-row-2 fusion-flex-container has-pattern-background has-mask-background nonhundred-percent-fullwidth non-hundred-percent-height-scrolling\" style=\"--awb-border-radius-top-left:0px;--awb-border-radius-top-right:0px;--awb-border-radius-bottom-right:0px;--awb-border-radius-bottom-left:0px;--awb-margin-top:25px;--awb-flex-wrap:wrap;\" ><div class=\"fusion-builder-row fusion-row fusion-flex-align-items-flex-start fusion-flex-content-wrap\" style=\"max-width:1414.4px;margin-left: calc(-4% \/ 2 );margin-right: calc(-4% \/ 2 );\"><div class=\"fusion-layout-column fusion_builder_column fusion-builder-column-2 fusion_builder_column_1_1 1_1 fusion-flex-column\" style=\"--awb-bg-size:cover;--awb-width-large:100%;--awb-margin-top-large:0px;--awb-spacing-right-large:1.92%;--awb-margin-bottom-large:20px;--awb-spacing-left-large:1.92%;--awb-width-medium:100%;--awb-order-medium:0;--awb-spacing-right-medium:1.92%;--awb-spacing-left-medium:1.92%;--awb-width-small:100%;--awb-order-small:0;--awb-spacing-right-small:1.92%;--awb-spacing-left-small:1.92%;\"><div class=\"fusion-column-wrapper fusion-column-has-shadow fusion-flex-justify-content-flex-start fusion-content-layout-column\"><div class=\"fusion-title title fusion-title-1 fusion-sep-none fusion-title-text fusion-title-size-two\" style=\"--awb-margin-top-small:10px;--awb-margin-right-small:0px;--awb-margin-bottom-small:10px;--awb-margin-left-small:0px;\"><h2 class=\"fusion-title-heading title-heading-left\" style=\"margin:0;\">Volendam Tour ab Amsterdam<\/h2><\/div><div class=\"fusion-text fusion-text-1\"><p>Dieser nachhaltige Tagesausflug von Amsterdam zur Zaanse Schans ist ideal f\u00fcr Reisende, die das niederl\u00e4ndische Erbe in Komfort erleben m\u00f6chten. Sie werden direkt an Ihrem Hotel (oder einem anderen Ort in Amsterdam) abgeholt und reisen zu einer der ikonischsten historischen St\u00e4tten der Niederlande in einem ruhigen, vollst\u00e4ndig elektrischen Mercedes-Fahrzeug. Keine vollen Reisebusse, keine umst\u00e4ndlichen Zugverbindungen und keine langen Wartezeiten. Einfach eine entspannte Fahrt, eine F\u00fchrung und Zeit, in Ihrem eigenen Tempo zu erkunden.<\/p>\n<\/div><div class=\"fusion-title title fusion-title-2 fusion-sep-none fusion-title-text fusion-title-size-two\" style=\"--awb-margin-top-small:10px;--awb-margin-right-small:0px;--awb-margin-bottom-small:10px;--awb-margin-left-small:0px;\"><h2 class=\"fusion-title-heading title-heading-left\" style=\"margin:0;\">Hotelabholung und komfortable Anreise<\/h2><\/div><div class=\"fusion-text fusion-text-2\"><p>Ihre Tour beginnt an Ihrem Hotel. Ihr Fahrer kommt zur vereinbarten Zeit und bringt Sie auf direktem Weg zur Zaanse Schans, etwa 15 Minuten n\u00f6rdlich von Amsterdam. Die Fahrt ist ruhig und sanft, elektrische Fahrzeuge fahren sp\u00fcrbar komfortabler als Dieselbusse, und die kleinere Gruppengr\u00f6\u00dfe bedeutet, dass Sie nicht mit Dutzenden anderer Touristen zusammengepfercht sind. Bevorzugen Sie einen anderen Abholort? <a href=\"https:\/\/sustainabletoursamsterdam.com\/nl\/contact\/\">Kontaktieren Sie uns<\/a> vor der Buchung und wir organisieren eine Alternative.<\/p>\n<\/div><\/div><\/div><\/div><\/div><div class=\"fusion-fullwidth fullwidth-box fusion-builder-row-3 fusion-flex-container has-pattern-background has-mask-background nonhundred-percent-fullwidth non-hundred-percent-height-scrolling\" style=\"--awb-border-radius-top-left:0px;--awb-border-radius-top-right:0px;--awb-border-radius-bottom-right:0px;--awb-border-radius-bottom-left:0px;--awb-flex-wrap:wrap;\" ><div class=\"fusion-builder-row fusion-row fusion-flex-align-items-center fusion-flex-content-wrap\" style=\"max-width:1414.4px;margin-left: calc(-4% \/ 2 );margin-right: calc(-4% \/ 2 );\"><div class=\"fusion-layout-column fusion_builder_column fusion-builder-column-3 fusion_builder_column_1_2 1_2 fusion-flex-column\" style=\"--awb-bg-size:cover;--awb-width-large:50%;--awb-margin-top-large:0px;--awb-spacing-right-large:3.84%;--awb-margin-bottom-large:20px;--awb-spacing-left-large:3.84%;--awb-width-medium:50%;--awb-order-medium:0;--awb-spacing-right-medium:3.84%;--awb-spacing-left-medium:3.84%;--awb-width-small:100%;--awb-order-small:0;--awb-spacing-right-small:1.92%;--awb-spacing-left-small:1.92%;\"><div class=\"fusion-column-wrapper fusion-column-has-shadow fusion-flex-justify-content-flex-start fusion-content-layout-column\"><div class=\"fusion-title title fusion-title-3 fusion-sep-none fusion-title-text fusion-title-size-two\" style=\"--awb-margin-top-small:10px;--awb-margin-right-small:0px;--awb-margin-bottom-small:10px;--awb-margin-left-small:0px;\"><h2 class=\"fusion-title-heading title-heading-left\" style=\"margin:0;\">Was ist enthalten<\/h2><\/div><div class=\"fusion-text fusion-text-3\"><p>Die Zaanse Schans Extra Tour umfasst den Hin- und R\u00fccktransport in einem vollst\u00e4ndig elektrischen Mercedes-Fahrzeug, die Hotelabholung in ausgew\u00e4hlten Amsterdamer Hotels, eine F\u00fchrung an der Zaanse Schans, Zugang zum K\u00e4semuseum, Holzschuhmuseum und einer M\u00fchle. Die Extra Tour bietet Ihnen au\u00dferdem ein Foto und eine Kaffee- und Geb\u00e4ckpause. Es bleibt auch freie Zeit, um die Gegend selbstst\u00e4ndig zu erkunden. Der Tourpreis ist all-inclusive, es gibt keine versteckten Buchungsgeb\u00fchren oder zus\u00e4tzlichen Kosten \u00fcber den angezeigten Preis pro Person hinaus.<\/p>\n<\/div><\/div><\/div><div class=\"fusion-layout-column fusion_builder_column fusion-builder-column-4 fusion_builder_column_1_2 1_2 fusion-flex-column\" style=\"--awb-bg-size:cover;--awb-width-large:50%;--awb-margin-top-large:0px;--awb-spacing-right-large:3.84%;--awb-margin-bottom-large:20px;--awb-spacing-left-large:3.84%;--awb-width-medium:50%;--awb-order-medium:0;--awb-spacing-right-medium:3.84%;--awb-spacing-left-medium:3.84%;--awb-width-small:100%;--awb-order-small:0;--awb-spacing-right-small:1.92%;--awb-spacing-left-small:1.92%;\"><div class=\"fusion-column-wrapper fusion-column-has-shadow fusion-flex-justify-content-flex-start fusion-content-layout-column\"><ul style=\"--awb-size:16px;--awb-item-padding-left:30px;--awb-iconcolor:var(--awb-custom_color_1);--awb-line-height:27.2px;--awb-icon-width:27.2px;--awb-icon-height:27.2px;--awb-icon-margin:11.2px;--awb-content-margin:38.4px;\" class=\"fusion-checklist fusion-checklist-1 fusion-checklist-default type-icons\"><li class=\"fusion-li-item\" style=\"\"><span class=\"icon-wrapper circle-no\"><i class=\"fusion-li-icon fa-clock far\" aria-hidden=\"true\"><\/i><\/span><div class=\"fusion-li-item-content\">\n<p>5 Stunden<\/p>\n<\/div><\/li><li class=\"fusion-li-item\" style=\"\"><span class=\"icon-wrapper circle-no\"><i class=\"fusion-li-icon fa-taxi fas\" aria-hidden=\"true\"><\/i><\/span><div class=\"fusion-li-item-content\">\n<p>Inklusive Fahrt (direkt von Ihrem Hotel)<\/p>\n<\/div><\/li><li class=\"fusion-li-item\" style=\"\"><span class=\"icon-wrapper circle-no\"><i class=\"fusion-li-icon fa-user-alt fas\" aria-hidden=\"true\"><\/i><\/span><div class=\"fusion-li-item-content\">\n<p>F\u00fchrung in Ihrer Sprache<\/p>\n<\/div><\/li><li class=\"fusion-li-item\" style=\"\"><span class=\"icon-wrapper circle-no\"><i class=\"fusion-li-icon fa-utensils fas\" aria-hidden=\"true\"><\/i><\/span><div class=\"fusion-li-item-content\">\n<p>Kaffee und Geb\u00e4ck<\/p>\n<\/div><\/li><li class=\"fusion-li-item\" style=\"\"><span class=\"icon-wrapper circle-no\"><i class=\"fusion-li-icon fa-camera fas\" aria-hidden=\"true\"><\/i><\/span><div class=\"fusion-li-item-content\">\n<p>Fotomoment<\/p>\n<\/div><\/li><li class=\"fusion-li-item\" style=\"\"><span class=\"icon-wrapper circle-no\"><i class=\"fusion-li-icon awb-icon-check\" aria-hidden=\"true\"><\/i><\/span><div class=\"fusion-li-item-content\">\n<p>Mehr lesen \u00fcber die Extras<\/p>\n<\/div><\/li><\/ul><\/div><\/div><\/div><\/div><div class=\"fusion-fullwidth fullwidth-box fusion-builder-row-4 fusion-flex-container has-pattern-background has-mask-background nonhundred-percent-fullwidth non-hundred-percent-height-scrolling\" style=\"--awb-border-radius-top-left:0px;--awb-border-radius-top-right:0px;--awb-border-radius-bottom-right:0px;--awb-border-radius-bottom-left:0px;--awb-flex-wrap:wrap;\" ><div class=\"fusion-builder-row fusion-row fusion-flex-align-items-flex-start fusion-flex-content-wrap\" style=\"max-width:1414.4px;margin-left: calc(-4% \/ 2 );margin-right: calc(-4% \/ 2 );\"><div class=\"fusion-layout-column fusion_builder_column fusion-builder-column-5 fusion_builder_column_1_1 1_1 fusion-flex-column\" style=\"--awb-bg-size:cover;--awb-width-large:100%;--awb-margin-top-large:0px;--awb-spacing-right-large:1.92%;--awb-margin-bottom-large:20px;--awb-spacing-left-large:1.92%;--awb-width-medium:100%;--awb-order-medium:0;--awb-spacing-right-medium:1.92%;--awb-spacing-left-medium:1.92%;--awb-width-small:100%;--awb-order-small:0;--awb-spacing-right-small:1.92%;--awb-spacing-left-small:1.92%;\"><div class=\"fusion-column-wrapper fusion-column-has-shadow fusion-flex-justify-content-flex-start fusion-content-layout-column\"><div class=\"fusion-text fusion-text-4\"><h2>Volendam Touren ab Amsterdam<\/h2>\n<p>Dieser nachhaltige Tagesausflug von Amsterdam nach Volendam ist ideal f\u00fcr Reisende, die authentisches niederl\u00e4ndisches K\u00fcstenleben in Komfort erleben m\u00f6chten. Sie werden direkt an Ihrem Hotel (oder einem anderen Ort in Amsterdam) abgeholt und reisen zu einem der meistfotografierten Fischerd\u00f6rfer der Niederlande in einem ruhigen, vollst\u00e4ndig nachhaltigen Mercedes-Fahrzeug. Keine vollen Reisebusse, keine umst\u00e4ndlichen Zugverbindungen und keine langen Wartezeiten. Einfach eine entspannte Fahrt, eine F\u00fchrung und Zeit, in Ihrem eigenen Tempo zu erkunden.   <\/p>\n<h2>Hotelabholung und komfortable Anreise<\/h2>\n<p>Ihre Tour beginnt an Ihrem Hotel. Ihr Fahrer kommt zur vereinbarten Zeit und bringt Sie auf direktem Weg n\u00f6rdlich aus Amsterdam heraus, durch offene Polderlandschaft, bis zum Hafen von Volendam, rund 25 Minuten vom Stadtzentrum entfernt. Die Fahrt ist ruhig und sanft, nachhaltige Fahrzeuge fahren sp\u00fcrbar komfortabler als Dieselbusse, und die kleinere Gruppengr\u00f6\u00dfe bedeutet, dass Sie nicht mit Dutzenden anderer Touristen zusammengepfercht sind. Bevorzugen Sie einen anderen Abholort? Geben Sie w\u00e4hrend der Buchung einfach Ihre gew\u00fcnschte Adresse ein, und wir k\u00fcmmern uns darum.    <\/p>\n<h2>\u00dcber Volendam<\/h2>\n<p>Volendam geh\u00f6rt zu den ikonischsten Fischerd\u00f6rfern der Niederlande. Die bunten Holzh\u00e4user, der arbeitende Hafen und die ber\u00fchmte Volendamer Tracht machen es seit \u00fcber einem Jahrhundert zu einem Lieblingsziel von K\u00fcnstlern, Fotografen und Reisenden. Auch heute noch h\u00e4lt das Dorf eine starke Verbindung zu seiner Vergangenheit aufrecht: Viele lokale Familien arbeiten weiterhin in der Fischerei, die Flotte l\u00e4uft noch aus, und bei Festen und besonderen Anl\u00e4ssen wird noch immer die traditionelle Volendamer Tracht getragen. Am Haven finden Sie frische Heringsst\u00e4nde, kleine S\u00fc\u00dfwarenl\u00e4den, traditionelle Caf\u00e9s und weite Blicke \u00fcber das IJsselmeer. Es ist ein Ort, der einen langsamen Besuch belohnt. Je tiefer Sie in die Seitenstra\u00dfen eintauchen, desto mehr finden Sie vom echten Volendam.     <\/p>\n<h2>Classic oder Premium, w\u00e4hlen Sie, was zu Ihrem Tag passt<\/h2>\n<p>Beide Volendam-Touren dauern 5 Stunden und umfassen Hotelabholung, nachhaltigen Mercedes-Transport, eine F\u00fchrung am Hafen und ausreichend Zeit, um das Dorf zu erkunden. Die Classic Experience steht f\u00fcr einen reibungslosen und komfortablen Besuch mit dem Wesentlichen. Die Premium Experience erg\u00e4nzt die kulturellen Extras, die den Tag zu einem echten Andenken machen: ein Foto in traditioneller Volendamer Tracht und eine Kaffee- und Geb\u00e4ckpause in einem lokalen Caf\u00e9. Beide werden in kleinen Gruppen durchgef\u00fchrt, sodass Sie Volendam in Ihrem eigenen Tempo besuchen, nicht nach einem Busfahrplan.   <\/p>\n<h2>Wirklich nachhaltig nach Volendam<\/h2>\n<p>Im Vergleich zu einer Standard-Bustour verursacht unsere Volendam-Tour einen Bruchteil der CO2-Emissionen pro Reisendem. Wir fahren wo immer m\u00f6glich in modernen, elektrischen Mercedes-Fahrzeugen und halten die Gruppengr\u00f6\u00dfen bewusst klein, damit die Auswirkungen pro Besucher gering bleiben. Kombiniert mit der Hotelabholung bedeutet das: keine Taxis, keine Bahntickets und keine Umstiege zwischen Treffpunkten. Ein Fahrzeug bringt Sie von T\u00fcr zu T\u00fcr, und Sie verbringen Ihren Tag damit, Volendam zu genie\u00dfen, statt sich um die Logistik zu k\u00fcmmern.   <\/p>\n<p>Auf der Suche nach einem anderen Teil des niederl\u00e4ndischen Erbes? Entdecken Sie unsere <a href=\"https:\/\/sustainabletoursamsterdam.com\/de\/reiseziele\/zaanse-schans-touren\/\">Zaanse Schans Touren<\/a>, mit arbeitenden Windm\u00fchlen und traditionellen Handwerken nur 15 Minuten von Amsterdam entfernt. <\/p>\n<\/div><\/div><\/div><\/div><\/div><\/p>\n","protected":false},"excerpt":{"rendered":"","protected":false},"author":1,"featured_media":0,"parent":3444,"menu_order":0,"comment_status":"closed","ping_status":"closed","template":"100-width.php","meta":{"_acf_changed":false,"footnotes":""},"class_list":["post-3544","page","type-page","status-publish","hentry"],"acf":[],"yoast_head":"<!-- This site is optimized with the Yoast SEO plugin v27.5 - https:\/\/yoast.com\/product\/yoast-seo-wordpress\/ -->\n<title>Volendam Touren - Sustainable Tours Amsterdam<\/title>\n<meta name=\"robots\" content=\"noindex, follow, max-snippet:-1, max-image-preview:large, max-video-preview:-1\" \/>\n<meta property=\"og:locale\" content=\"de_DE\" \/>\n<meta property=\"og:type\" content=\"article\" \/>\n<meta property=\"og:title\" content=\"Volendam Touren - Sustainable Tours Amsterdam\" \/>\n<meta property=\"og:url\" content=\"https:\/\/sustainabletoursamsterdam.com\/de\/reiseziele\/volendam-touren\/\" \/>\n<meta property=\"og:site_name\" content=\"Sustainable Tours Amsterdam\" \/>\n<meta property=\"article:modified_time\" content=\"2026-05-05T12:55:50+00:00\" \/>\n<meta property=\"og:image\" content=\"https:\/\/sustainabletoursamsterdam.com\/wp-content\/uploads\/2026\/05\/sustainable-tours-amsterdam-logo-og.jpg\" \/>\n\t<meta property=\"og:image:width\" content=\"1200\" \/>\n\t<meta property=\"og:image:height\" content=\"675\" \/>\n\t<meta property=\"og:image:type\" content=\"image\/jpeg\" \/>\n<meta name=\"twitter:card\" content=\"summary_large_image\" \/>\n<meta name=\"twitter:label1\" content=\"Gesch\u00e4tzte Lesezeit\" \/>\n\t<meta name=\"twitter:data1\" content=\"34\u00a0Minuten\" \/>\n<script type=\"application\/ld+json\" class=\"yoast-schema-graph\">{\"@context\":\"https:\\\/\\\/schema.org\",\"@graph\":[{\"@type\":\"WebPage\",\"@id\":\"https:\\\/\\\/sustainabletoursamsterdam.com\\\/de\\\/reiseziele\\\/volendam-touren\\\/\",\"url\":\"https:\\\/\\\/sustainabletoursamsterdam.com\\\/de\\\/reiseziele\\\/volendam-touren\\\/\",\"name\":\"Volendam Touren - Sustainable Tours Amsterdam\",\"isPartOf\":{\"@id\":\"https:\\\/\\\/sustainabletoursamsterdam.com\\\/de\\\/#website\"},\"datePublished\":\"2026-04-24T12:45:11+00:00\",\"dateModified\":\"2026-05-05T12:55:50+00:00\",\"breadcrumb\":{\"@id\":\"https:\\\/\\\/sustainabletoursamsterdam.com\\\/de\\\/reiseziele\\\/volendam-touren\\\/#breadcrumb\"},\"inLanguage\":\"de\",\"potentialAction\":[{\"@type\":\"ReadAction\",\"target\":[\"https:\\\/\\\/sustainabletoursamsterdam.com\\\/de\\\/reiseziele\\\/volendam-touren\\\/\"]}]},{\"@type\":\"BreadcrumbList\",\"@id\":\"https:\\\/\\\/sustainabletoursamsterdam.com\\\/de\\\/reiseziele\\\/volendam-touren\\\/#breadcrumb\",\"itemListElement\":[{\"@type\":\"ListItem\",\"position\":1,\"name\":\"Home\",\"item\":\"https:\\\/\\\/sustainabletoursamsterdam.com\\\/de\\\/sustainable-tours-amsterdam\\\/\"},{\"@type\":\"ListItem\",\"position\":2,\"name\":\"Reiseziele\",\"item\":\"https:\\\/\\\/sustainabletoursamsterdam.com\\\/de\\\/reiseziele\\\/\"},{\"@type\":\"ListItem\",\"position\":3,\"name\":\"Volendam Touren\"}]},{\"@type\":\"WebSite\",\"@id\":\"https:\\\/\\\/sustainabletoursamsterdam.com\\\/de\\\/#website\",\"url\":\"https:\\\/\\\/sustainabletoursamsterdam.com\\\/de\\\/\",\"name\":\"Sustainable Tours Amsterdam\",\"description\":\"Sustainable rides to top attrractions\",\"potentialAction\":[{\"@type\":\"SearchAction\",\"target\":{\"@type\":\"EntryPoint\",\"urlTemplate\":\"https:\\\/\\\/sustainabletoursamsterdam.com\\\/de\\\/?s={search_term_string}\"},\"query-input\":{\"@type\":\"PropertyValueSpecification\",\"valueRequired\":true,\"valueName\":\"search_term_string\"}}],\"inLanguage\":\"de\"}]}<\/script>\n<!-- \/ Yoast SEO plugin. -->","yoast_head_json":{"title":"Volendam Touren - Sustainable Tours Amsterdam","robots":{"index":"noindex","follow":"follow","max-snippet":"max-snippet:-1","max-image-preview":"max-image-preview:large","max-video-preview":"max-video-preview:-1"},"og_locale":"de_DE","og_type":"article","og_title":"Volendam Touren - Sustainable Tours Amsterdam","og_url":"https:\/\/sustainabletoursamsterdam.com\/de\/reiseziele\/volendam-touren\/","og_site_name":"Sustainable Tours Amsterdam","article_modified_time":"2026-05-05T12:55:50+00:00","og_image":[{"width":1200,"height":675,"url":"https:\/\/sustainabletoursamsterdam.com\/wp-content\/uploads\/2026\/05\/sustainable-tours-amsterdam-logo-og.jpg","type":"image\/jpeg"}],"twitter_card":"summary_large_image","twitter_misc":{"Gesch\u00e4tzte Lesezeit":"34\u00a0Minuten"},"schema":{"@context":"https:\/\/schema.org","@graph":[{"@type":"WebPage","@id":"https:\/\/sustainabletoursamsterdam.com\/de\/reiseziele\/volendam-touren\/","url":"https:\/\/sustainabletoursamsterdam.com\/de\/reiseziele\/volendam-touren\/","name":"Volendam Touren - Sustainable Tours Amsterdam","isPartOf":{"@id":"https:\/\/sustainabletoursamsterdam.com\/de\/#website"},"datePublished":"2026-04-24T12:45:11+00:00","dateModified":"2026-05-05T12:55:50+00:00","breadcrumb":{"@id":"https:\/\/sustainabletoursamsterdam.com\/de\/reiseziele\/volendam-touren\/#breadcrumb"},"inLanguage":"de","potentialAction":[{"@type":"ReadAction","target":["https:\/\/sustainabletoursamsterdam.com\/de\/reiseziele\/volendam-touren\/"]}]},{"@type":"BreadcrumbList","@id":"https:\/\/sustainabletoursamsterdam.com\/de\/reiseziele\/volendam-touren\/#breadcrumb","itemListElement":[{"@type":"ListItem","position":1,"name":"Home","item":"https:\/\/sustainabletoursamsterdam.com\/de\/sustainable-tours-amsterdam\/"},{"@type":"ListItem","position":2,"name":"Reiseziele","item":"https:\/\/sustainabletoursamsterdam.com\/de\/reiseziele\/"},{"@type":"ListItem","position":3,"name":"Volendam Touren"}]},{"@type":"WebSite","@id":"https:\/\/sustainabletoursamsterdam.com\/de\/#website","url":"https:\/\/sustainabletoursamsterdam.com\/de\/","name":"Sustainable Tours Amsterdam","description":"Sustainable rides to top attrractions","potentialAction":[{"@type":"SearchAction","target":{"@type":"EntryPoint","urlTemplate":"https:\/\/sustainabletoursamsterdam.com\/de\/?s={search_term_string}"},"query-input":{"@type":"PropertyValueSpecification","valueRequired":true,"valueName":"search_term_string"}}],"inLanguage":"de"}]}},"_links":{"self":[{"href":"https:\/\/sustainabletoursamsterdam.com\/de\/wp-json\/wp\/v2\/pages\/3544","targetHints":{"allow":["GET"]}}],"collection":[{"href":"https:\/\/sustainabletoursamsterdam.com\/de\/wp-json\/wp\/v2\/pages"}],"about":[{"href":"https:\/\/sustainabletoursamsterdam.com\/de\/wp-json\/wp\/v2\/types\/page"}],"author":[{"embeddable":true,"href":"https:\/\/sustainabletoursamsterdam.com\/de\/wp-json\/wp\/v2\/users\/1"}],"replies":[{"embeddable":true,"href":"https:\/\/sustainabletoursamsterdam.com\/de\/wp-json\/wp\/v2\/comments?post=3544"}],"version-history":[{"count":0,"href":"https:\/\/sustainabletoursamsterdam.com\/de\/wp-json\/wp\/v2\/pages\/3544\/revisions"}],"up":[{"embeddable":true,"href":"https:\/\/sustainabletoursamsterdam.com\/de\/wp-json\/wp\/v2\/pages\/3444"}],"wp:attachment":[{"href":"https:\/\/sustainabletoursamsterdam.com\/de\/wp-json\/wp\/v2\/media?parent=3544"}],"curies":[{"name":"wp","href":"https:\/\/api.w.org\/{rel}","templated":true}]}}