{"id":3545,"date":"2026-04-24T12:45:11","date_gmt":"2026-04-24T12:45:11","guid":{"rendered":"https:\/\/sustainabletoursamsterdam.com\/destinos\/tours-volendam\/"},"modified":"2026-05-05T13:01:06","modified_gmt":"2026-05-05T13:01:06","slug":"tours-volendam","status":"publish","type":"page","link":"https:\/\/sustainabletoursamsterdam.com\/es\/destinos\/tours-volendam\/","title":{"rendered":"Tours Volendam"},"content":{"rendered":"<p><div class=\"fusion-fullwidth fullwidth-box fusion-builder-row-1 fusion-flex-container has-pattern-background has-mask-background nonhundred-percent-fullwidth non-hundred-percent-height-scrolling\" style=\"--awb-border-radius-top-left:0px;--awb-border-radius-top-right:0px;--awb-border-radius-bottom-right:0px;--awb-border-radius-bottom-left:0px;--awb-margin-top:50px;--awb-flex-wrap:wrap;\" ><div class=\"fusion-builder-row fusion-row fusion-flex-align-items-flex-start fusion-flex-content-wrap\" style=\"max-width:1414.4px;margin-left: calc(-4% \/ 2 );margin-right: calc(-4% \/ 2 );\"><div class=\"fusion-layout-column fusion_builder_column fusion-builder-column-0 fusion_builder_column_1_2 1_2 fusion-flex-column\" style=\"--awb-bg-size:cover;--awb-width-large:50%;--awb-margin-top-large:0px;--awb-spacing-right-large:3.84%;--awb-margin-bottom-large:0px;--awb-spacing-left-large:3.84%;--awb-width-medium:50%;--awb-order-medium:0;--awb-spacing-right-medium:3.84%;--awb-spacing-left-medium:3.84%;--awb-width-small:100%;--awb-order-small:0;--awb-margin-top-small:30px;--awb-spacing-right-small:1.92%;--awb-spacing-left-small:1.92%;\"><div class=\"fusion-column-wrapper fusion-column-has-shadow fusion-flex-justify-content-flex-start fusion-content-layout-column\"><script src=\"https:\/\/book.sustainabletoursamsterdam.com\/widget.js\" defer><\/script><booking-widget api=\"https:\/\/book.sustainabletoursamsterdam.com\" google-maps-key=\"AIzaSyDPgdTniHvs-GoABPZi3UTQQSDmCdbzNco\" tour=\"volendam-classic,volendam-premium\"><\/booking-widget>\n<\/div><\/div><div class=\"fusion-layout-column fusion_builder_column fusion-builder-column-1 fusion_builder_column_1_2 1_2 fusion-flex-column\" style=\"--awb-overflow:hidden;--awb-bg-position:center center;--awb-bg-size:cover;--awb-border-radius:10px 10px 10px 10px;--awb-width-large:50%;--awb-margin-top-large:0px;--awb-spacing-right-large:3.84%;--awb-margin-bottom-large:20px;--awb-spacing-left-large:3.84%;--awb-width-medium:50%;--awb-order-medium:0;--awb-spacing-right-medium:3.84%;--awb-spacing-left-medium:3.84%;--awb-width-small:100%;--awb-order-small:0;--awb-spacing-right-small:1.92%;--awb-spacing-left-small:1.92%;\" data-scroll-devices=\"small-visibility,medium-visibility,large-visibility\"><div class=\"fusion-column-wrapper lazyload fusion-column-has-shadow fusion-flex-justify-content-flex-start fusion-content-layout-column fusion-empty-column-bg-image fusion-column-has-bg-image\" data-bg-url=\"https:\/\/sustainabletoursamsterdam.com\/wp-content\/uploads\/2022\/06\/demo-volendam-01.jpg\" data-bg=\"https:\/\/sustainabletoursamsterdam.com\/wp-content\/uploads\/2022\/06\/demo-volendam-01.jpg\"><img decoding=\"async\" class=\"fusion-empty-dims-img-placeholder\" aria-label=\"Volendam\" src=\"data:image\/svg+xml,%3Csvg%20xmlns%3D%27http%3A%2F%2Fwww.w3.org%2F2000%2Fsvg%27%20width%3D%271280%27%20height%3D%27832%27%20viewBox%3D%270%200%201280%20832%27%3E%3Crect%20width%3D%271280%27%20height%3D%27832%27%20fill-opacity%3D%220%22%2F%3E%3C%2Fsvg%3E\"><\/div><\/div><\/div><\/div><div class=\"fusion-fullwidth fullwidth-box fusion-builder-row-2 fusion-flex-container has-pattern-background has-mask-background nonhundred-percent-fullwidth non-hundred-percent-height-scrolling\" style=\"--awb-border-radius-top-left:0px;--awb-border-radius-top-right:0px;--awb-border-radius-bottom-right:0px;--awb-border-radius-bottom-left:0px;--awb-margin-top:25px;--awb-flex-wrap:wrap;\" ><div class=\"fusion-builder-row fusion-row fusion-flex-align-items-flex-start fusion-flex-content-wrap\" style=\"max-width:1414.4px;margin-left: calc(-4% \/ 2 );margin-right: calc(-4% \/ 2 );\"><div class=\"fusion-layout-column fusion_builder_column fusion-builder-column-2 fusion_builder_column_1_1 1_1 fusion-flex-column\" style=\"--awb-bg-size:cover;--awb-width-large:100%;--awb-margin-top-large:0px;--awb-spacing-right-large:1.92%;--awb-margin-bottom-large:20px;--awb-spacing-left-large:1.92%;--awb-width-medium:100%;--awb-order-medium:0;--awb-spacing-right-medium:1.92%;--awb-spacing-left-medium:1.92%;--awb-width-small:100%;--awb-order-small:0;--awb-spacing-right-small:1.92%;--awb-spacing-left-small:1.92%;\"><div class=\"fusion-column-wrapper fusion-column-has-shadow fusion-flex-justify-content-flex-start fusion-content-layout-column\"><div class=\"fusion-title title fusion-title-1 fusion-sep-none fusion-title-text fusion-title-size-two\" style=\"--awb-margin-top-small:10px;--awb-margin-right-small:0px;--awb-margin-bottom-small:10px;--awb-margin-left-small:0px;\"><h2 class=\"fusion-title-heading title-heading-left\" style=\"margin:0;\">Tour Volendam desde \u00c1msterdam<\/h2><\/div><div class=\"fusion-text fusion-text-1\"><p>Esta excursi\u00f3n sostenible de \u00c1msterdam a Zaanse Schans es ideal para viajeros que quieren descubrir el patrimonio neerland\u00e9s con comodidad. Le recogemos directamente en su hotel (o en cualquier otra ubicaci\u00f3n de \u00c1msterdam) y le llevamos a uno de los sitios patrimoniales m\u00e1s emblem\u00e1ticos de los Pa\u00edses Bajos en un Mercedes silencioso y totalmente el\u00e9ctrico. Sin autobuses abarrotados, sin combinaciones de tren complicadas y sin largas esperas. Solo un trayecto relajado, una visita guiada y tiempo para explorar a su ritmo.<\/p>\n<\/div><div class=\"fusion-title title fusion-title-2 fusion-sep-none fusion-title-text fusion-title-size-two\" style=\"--awb-margin-top-small:10px;--awb-margin-right-small:0px;--awb-margin-bottom-small:10px;--awb-margin-left-small:0px;\"><h2 class=\"fusion-title-heading title-heading-left\" style=\"margin:0;\">Recogida en su hotel y trayecto c\u00f3modo<\/h2><\/div><div class=\"fusion-text fusion-text-2\"><p>Su tour comienza en su hotel. Su conductor llega a la hora acordada y le lleva por una ruta directa hasta Zaanse Schans, a unos 15 minutos al norte de \u00c1msterdam. El trayecto es fluido y silencioso, los veh\u00edculos el\u00e9ctricos ofrecen una conducci\u00f3n notablemente m\u00e1s c\u00f3moda que los autobuses di\u00e9sel, y el tama\u00f1o reducido del grupo evita que vaya apretado con decenas de turistas. \u00bfPrefiere otro punto de recogida? <a href=\"https:\/\/sustainabletoursamsterdam.com\/nl\/contact\/\">Cont\u00e1ctenos<\/a> antes de reservar y le organizaremos una alternativa.<\/p>\n<\/div><\/div><\/div><\/div><\/div><div class=\"fusion-fullwidth fullwidth-box fusion-builder-row-3 fusion-flex-container has-pattern-background has-mask-background nonhundred-percent-fullwidth non-hundred-percent-height-scrolling\" style=\"--awb-border-radius-top-left:0px;--awb-border-radius-top-right:0px;--awb-border-radius-bottom-right:0px;--awb-border-radius-bottom-left:0px;--awb-flex-wrap:wrap;\" ><div class=\"fusion-builder-row fusion-row fusion-flex-align-items-center fusion-flex-content-wrap\" style=\"max-width:1414.4px;margin-left: calc(-4% \/ 2 );margin-right: calc(-4% \/ 2 );\"><div class=\"fusion-layout-column fusion_builder_column fusion-builder-column-3 fusion_builder_column_1_2 1_2 fusion-flex-column\" style=\"--awb-bg-size:cover;--awb-width-large:50%;--awb-margin-top-large:0px;--awb-spacing-right-large:3.84%;--awb-margin-bottom-large:20px;--awb-spacing-left-large:3.84%;--awb-width-medium:50%;--awb-order-medium:0;--awb-spacing-right-medium:3.84%;--awb-spacing-left-medium:3.84%;--awb-width-small:100%;--awb-order-small:0;--awb-spacing-right-small:1.92%;--awb-spacing-left-small:1.92%;\"><div class=\"fusion-column-wrapper fusion-column-has-shadow fusion-flex-justify-content-flex-start fusion-content-layout-column\"><div class=\"fusion-title title fusion-title-3 fusion-sep-none fusion-title-text fusion-title-size-two\" style=\"--awb-margin-top-small:10px;--awb-margin-right-small:0px;--awb-margin-bottom-small:10px;--awb-margin-left-small:0px;\"><h2 class=\"fusion-title-heading title-heading-left\" style=\"margin:0;\">Qu\u00e9 incluye<\/h2><\/div><div class=\"fusion-text fusion-text-3\"><p>El tour Zaanse Schans Extra incluye transporte de ida y vuelta en un Mercedes totalmente el\u00e9ctrico, recogida en su hotel desde una selecci\u00f3n de hoteles de \u00c1msterdam, una visita guiada en Zaanse Schans, acceso al Museo del Queso, al Museo del Zueco y a un molino. El tour Extra tambi\u00e9n le ofrece una foto y una pausa de caf\u00e9 y pastel. Tambi\u00e9n hay tiempo libre para explorar la zona por su cuenta. El precio del tour es todo incluido, no hay tasas de reserva ocultas ni cargos adicionales sobre el precio mostrado por persona.<\/p>\n<\/div><\/div><\/div><div class=\"fusion-layout-column fusion_builder_column fusion-builder-column-4 fusion_builder_column_1_2 1_2 fusion-flex-column\" style=\"--awb-bg-size:cover;--awb-width-large:50%;--awb-margin-top-large:0px;--awb-spacing-right-large:3.84%;--awb-margin-bottom-large:20px;--awb-spacing-left-large:3.84%;--awb-width-medium:50%;--awb-order-medium:0;--awb-spacing-right-medium:3.84%;--awb-spacing-left-medium:3.84%;--awb-width-small:100%;--awb-order-small:0;--awb-spacing-right-small:1.92%;--awb-spacing-left-small:1.92%;\"><div class=\"fusion-column-wrapper fusion-column-has-shadow fusion-flex-justify-content-flex-start fusion-content-layout-column\"><ul style=\"--awb-size:16px;--awb-item-padding-left:30px;--awb-iconcolor:var(--awb-custom_color_1);--awb-line-height:27.2px;--awb-icon-width:27.2px;--awb-icon-height:27.2px;--awb-icon-margin:11.2px;--awb-content-margin:38.4px;\" class=\"fusion-checklist fusion-checklist-1 fusion-checklist-default type-icons\"><li class=\"fusion-li-item\" style=\"\"><span class=\"icon-wrapper circle-no\"><i class=\"fusion-li-icon fa-clock far\" aria-hidden=\"true\"><\/i><\/span><div class=\"fusion-li-item-content\">\n<p>5 horas<\/p>\n<\/div><\/li><li class=\"fusion-li-item\" style=\"\"><span class=\"icon-wrapper circle-no\"><i class=\"fusion-li-icon fa-taxi fas\" aria-hidden=\"true\"><\/i><\/span><div class=\"fusion-li-item-content\">\n<p>Trayecto incluido (directo desde su hotel)<\/p>\n<\/div><\/li><li class=\"fusion-li-item\" style=\"\"><span class=\"icon-wrapper circle-no\"><i class=\"fusion-li-icon fa-user-alt fas\" aria-hidden=\"true\"><\/i><\/span><div class=\"fusion-li-item-content\">\n<p>Visita guiada en su idioma<\/p>\n<\/div><\/li><li class=\"fusion-li-item\" style=\"\"><span class=\"icon-wrapper circle-no\"><i class=\"fusion-li-icon fa-utensils fas\" aria-hidden=\"true\"><\/i><\/span><div class=\"fusion-li-item-content\">\n<p>Caf\u00e9 y pastel<\/p>\n<\/div><\/li><li class=\"fusion-li-item\" style=\"\"><span class=\"icon-wrapper circle-no\"><i class=\"fusion-li-icon fa-camera fas\" aria-hidden=\"true\"><\/i><\/span><div class=\"fusion-li-item-content\">\n<p>Momento foto<\/p>\n<\/div><\/li><li class=\"fusion-li-item\" style=\"\"><span class=\"icon-wrapper circle-no\"><i class=\"fusion-li-icon awb-icon-check\" aria-hidden=\"true\"><\/i><\/span><div class=\"fusion-li-item-content\">\n<p>Leer m\u00e1s sobre los extras<\/p>\n<\/div><\/li><\/ul><\/div><\/div><\/div><\/div><div class=\"fusion-fullwidth fullwidth-box fusion-builder-row-4 fusion-flex-container has-pattern-background has-mask-background nonhundred-percent-fullwidth non-hundred-percent-height-scrolling\" style=\"--awb-border-radius-top-left:0px;--awb-border-radius-top-right:0px;--awb-border-radius-bottom-right:0px;--awb-border-radius-bottom-left:0px;--awb-flex-wrap:wrap;\" ><div class=\"fusion-builder-row fusion-row fusion-flex-align-items-flex-start fusion-flex-content-wrap\" style=\"max-width:1414.4px;margin-left: calc(-4% \/ 2 );margin-right: calc(-4% \/ 2 );\"><div class=\"fusion-layout-column fusion_builder_column fusion-builder-column-5 fusion_builder_column_1_1 1_1 fusion-flex-column\" style=\"--awb-bg-size:cover;--awb-width-large:100%;--awb-margin-top-large:0px;--awb-spacing-right-large:1.92%;--awb-margin-bottom-large:20px;--awb-spacing-left-large:1.92%;--awb-width-medium:100%;--awb-order-medium:0;--awb-spacing-right-medium:1.92%;--awb-spacing-left-medium:1.92%;--awb-width-small:100%;--awb-order-small:0;--awb-spacing-right-small:1.92%;--awb-spacing-left-small:1.92%;\"><div class=\"fusion-column-wrapper fusion-column-has-shadow fusion-flex-justify-content-flex-start fusion-content-layout-column\"><div class=\"fusion-text fusion-text-4\"><h2>Tours Volendam desde \u00c1msterdam<\/h2>\n<p>Esta excursi\u00f3n sostenible de \u00c1msterdam a Volendam es ideal para viajeros que quieren descubrir la aut\u00e9ntica vida costera neerlandesa con comodidad. Le recogemos directamente en su hotel (o en cualquier otra ubicaci\u00f3n de \u00c1msterdam) y le llevamos a uno de los pueblos pesqueros m\u00e1s fotografiados de los Pa\u00edses Bajos en un Mercedes silencioso y totalmente sostenible. Sin autobuses abarrotados, sin combinaciones de tren complicadas y sin largas esperas. Solo un trayecto relajado, una visita guiada y tiempo para explorar a su ritmo.   <\/p>\n<h2>Recogida en su hotel y trayecto c\u00f3modo<\/h2>\n<p>Su tour comienza en su hotel. Su conductor llega a la hora acordada y le lleva por una ruta directa al norte de \u00c1msterdam, a trav\u00e9s del paisaje abierto del p\u00f3lder, hasta el puerto de Volendam, a unos 25 minutos del centro de la ciudad. El trayecto es fluido y silencioso, los veh\u00edculos sostenibles ofrecen una conducci\u00f3n notablemente m\u00e1s c\u00f3moda que los autobuses di\u00e9sel, y el tama\u00f1o reducido del grupo evita que vaya apretado con decenas de turistas. \u00bfPrefiere otro punto de recogida? Indique simplemente su direcci\u00f3n preferida durante la reserva y lo organizamos.    <\/p>\n<h2>Sobre Volendam<\/h2>\n<p>Volendam es uno de los pueblos pesqueros m\u00e1s emblem\u00e1ticos de los Pa\u00edses Bajos. Las casas de madera de colores, el puerto en activo y el famoso traje tradicional de Volendam lo han convertido en un favorito de artistas, fot\u00f3grafos y viajeros durante m\u00e1s de un siglo. A\u00fan hoy, el pueblo mantiene un fuerte v\u00ednculo con su pasado: muchas familias locales siguen trabajando en la pesca, la flota sale a\u00fan a faenar y el traje tradicional de Volendam se sigue luciendo en festivales y ocasiones especiales. Paseando por el Haven encontrar\u00e1 puestos de arenque fresco, peque\u00f1as tiendas de dulces neerlandeses, caf\u00e9s tradicionales y amplias vistas sobre el IJsselmeer. Es un lugar que recompensa una visita pausada. Cuanto m\u00e1s se adentre en las callejuelas, m\u00e1s encontrar\u00e1 el verdadero Volendam.     <\/p>\n<h2>Classic o Premium, elija lo que encaja con su d\u00eda<\/h2>\n<p>Ambos tours Volendam duran 5 horas e incluyen recogida en su hotel, transporte en Mercedes sostenible, una visita guiada en el puerto y mucho tiempo libre para explorar el pueblo. La Classic Experience se centra en una visita fluida y c\u00f3moda con lo esencial. La Premium Experience a\u00f1ade los extras culturales que convierten el d\u00eda en un aut\u00e9ntico recuerdo: una foto en traje tradicional de Volendam y una pausa de caf\u00e9 y pastel en un caf\u00e9 local. Ambos se realizan en grupos reducidos, para que visite Volendam a su propio ritmo y no al de un autocar.   <\/p>\n<h2>Una manera realmente sostenible de visitar Volendam<\/h2>\n<p>Comparado con un viaje en autocar est\u00e1ndar, nuestro tour a Volendam genera una fracci\u00f3n de las emisiones por viajero. Utilizamos, siempre que es posible, Mercedes modernos y el\u00e9ctricos, y mantenemos los grupos deliberadamente peque\u00f1os para que el impacto por visitante sea bajo. Combinado con la recogida en hotel, eso significa nada de taxis, billetes de tren ni transbordos entre puntos de encuentro. Un solo veh\u00edculo le lleva de puerta a puerta, y usted dedica su d\u00eda a disfrutar de Volendam en lugar de gestionar la log\u00edstica.   <\/p>\n<p>\u00bfBusca otra parte del patrimonio neerland\u00e9s? Descubra nuestros <a href=\"https:\/\/sustainabletoursamsterdam.com\/es\/destinos\/tours-zaanse-schans\/\">tours Zaanse Schans<\/a>, con molinos en funcionamiento y artesan\u00edas tradicionales a solo 15 minutos de \u00c1msterdam. <\/p>\n<\/div><\/div><\/div><\/div><\/div><\/p>\n","protected":false},"excerpt":{"rendered":"","protected":false},"author":1,"featured_media":0,"parent":3453,"menu_order":0,"comment_status":"closed","ping_status":"closed","template":"100-width.php","meta":{"_acf_changed":false,"footnotes":""},"class_list":["post-3545","page","type-page","status-publish","hentry"],"acf":[],"yoast_head":"<!-- This site is optimized with the Yoast SEO plugin v27.5 - https:\/\/yoast.com\/product\/yoast-seo-wordpress\/ -->\n<title>Tours Volendam - Sustainable Tours Amsterdam<\/title>\n<meta name=\"robots\" content=\"noindex, follow, max-snippet:-1, max-image-preview:large, max-video-preview:-1\" \/>\n<meta property=\"og:locale\" content=\"es_ES\" \/>\n<meta property=\"og:type\" content=\"article\" \/>\n<meta property=\"og:title\" content=\"Tours Volendam - Sustainable Tours Amsterdam\" \/>\n<meta property=\"og:url\" content=\"https:\/\/sustainabletoursamsterdam.com\/es\/destinos\/tours-volendam\/\" \/>\n<meta property=\"og:site_name\" content=\"Sustainable Tours Amsterdam\" \/>\n<meta property=\"article:modified_time\" content=\"2026-05-05T13:01:06+00:00\" \/>\n<meta property=\"og:image\" content=\"https:\/\/sustainabletoursamsterdam.com\/wp-content\/uploads\/2026\/05\/sustainable-tours-amsterdam-logo-og.jpg\" \/>\n\t<meta property=\"og:image:width\" content=\"1200\" \/>\n\t<meta property=\"og:image:height\" content=\"675\" \/>\n\t<meta property=\"og:image:type\" content=\"image\/jpeg\" \/>\n<meta name=\"twitter:card\" content=\"summary_large_image\" \/>\n<meta name=\"twitter:label1\" content=\"Tiempo de lectura\" \/>\n\t<meta name=\"twitter:data1\" content=\"34 minutos\" \/>\n<script type=\"application\/ld+json\" class=\"yoast-schema-graph\">{\"@context\":\"https:\\\/\\\/schema.org\",\"@graph\":[{\"@type\":\"WebPage\",\"@id\":\"https:\\\/\\\/sustainabletoursamsterdam.com\\\/es\\\/destinos\\\/tours-volendam\\\/\",\"url\":\"https:\\\/\\\/sustainabletoursamsterdam.com\\\/es\\\/destinos\\\/tours-volendam\\\/\",\"name\":\"Tours Volendam - Sustainable Tours Amsterdam\",\"isPartOf\":{\"@id\":\"https:\\\/\\\/sustainabletoursamsterdam.com\\\/es\\\/#website\"},\"datePublished\":\"2026-04-24T12:45:11+00:00\",\"dateModified\":\"2026-05-05T13:01:06+00:00\",\"breadcrumb\":{\"@id\":\"https:\\\/\\\/sustainabletoursamsterdam.com\\\/es\\\/destinos\\\/tours-volendam\\\/#breadcrumb\"},\"inLanguage\":\"es\",\"potentialAction\":[{\"@type\":\"ReadAction\",\"target\":[\"https:\\\/\\\/sustainabletoursamsterdam.com\\\/es\\\/destinos\\\/tours-volendam\\\/\"]}]},{\"@type\":\"BreadcrumbList\",\"@id\":\"https:\\\/\\\/sustainabletoursamsterdam.com\\\/es\\\/destinos\\\/tours-volendam\\\/#breadcrumb\",\"itemListElement\":[{\"@type\":\"ListItem\",\"position\":1,\"name\":\"Home\",\"item\":\"https:\\\/\\\/sustainabletoursamsterdam.com\\\/es\\\/sustainable-tours-amsterdam\\\/\"},{\"@type\":\"ListItem\",\"position\":2,\"name\":\"Destinos\",\"item\":\"https:\\\/\\\/sustainabletoursamsterdam.com\\\/es\\\/destinos\\\/\"},{\"@type\":\"ListItem\",\"position\":3,\"name\":\"Tours Volendam\"}]},{\"@type\":\"WebSite\",\"@id\":\"https:\\\/\\\/sustainabletoursamsterdam.com\\\/es\\\/#website\",\"url\":\"https:\\\/\\\/sustainabletoursamsterdam.com\\\/es\\\/\",\"name\":\"Sustainable Tours Amsterdam\",\"description\":\"Sustainable rides to top attrractions\",\"potentialAction\":[{\"@type\":\"SearchAction\",\"target\":{\"@type\":\"EntryPoint\",\"urlTemplate\":\"https:\\\/\\\/sustainabletoursamsterdam.com\\\/es\\\/?s={search_term_string}\"},\"query-input\":{\"@type\":\"PropertyValueSpecification\",\"valueRequired\":true,\"valueName\":\"search_term_string\"}}],\"inLanguage\":\"es\"}]}<\/script>\n<!-- \/ Yoast SEO plugin. -->","yoast_head_json":{"title":"Tours Volendam - Sustainable Tours Amsterdam","robots":{"index":"noindex","follow":"follow","max-snippet":"max-snippet:-1","max-image-preview":"max-image-preview:large","max-video-preview":"max-video-preview:-1"},"og_locale":"es_ES","og_type":"article","og_title":"Tours Volendam - Sustainable Tours Amsterdam","og_url":"https:\/\/sustainabletoursamsterdam.com\/es\/destinos\/tours-volendam\/","og_site_name":"Sustainable Tours Amsterdam","article_modified_time":"2026-05-05T13:01:06+00:00","og_image":[{"width":1200,"height":675,"url":"https:\/\/sustainabletoursamsterdam.com\/wp-content\/uploads\/2026\/05\/sustainable-tours-amsterdam-logo-og.jpg","type":"image\/jpeg"}],"twitter_card":"summary_large_image","twitter_misc":{"Tiempo de lectura":"34 minutos"},"schema":{"@context":"https:\/\/schema.org","@graph":[{"@type":"WebPage","@id":"https:\/\/sustainabletoursamsterdam.com\/es\/destinos\/tours-volendam\/","url":"https:\/\/sustainabletoursamsterdam.com\/es\/destinos\/tours-volendam\/","name":"Tours Volendam - Sustainable Tours Amsterdam","isPartOf":{"@id":"https:\/\/sustainabletoursamsterdam.com\/es\/#website"},"datePublished":"2026-04-24T12:45:11+00:00","dateModified":"2026-05-05T13:01:06+00:00","breadcrumb":{"@id":"https:\/\/sustainabletoursamsterdam.com\/es\/destinos\/tours-volendam\/#breadcrumb"},"inLanguage":"es","potentialAction":[{"@type":"ReadAction","target":["https:\/\/sustainabletoursamsterdam.com\/es\/destinos\/tours-volendam\/"]}]},{"@type":"BreadcrumbList","@id":"https:\/\/sustainabletoursamsterdam.com\/es\/destinos\/tours-volendam\/#breadcrumb","itemListElement":[{"@type":"ListItem","position":1,"name":"Home","item":"https:\/\/sustainabletoursamsterdam.com\/es\/sustainable-tours-amsterdam\/"},{"@type":"ListItem","position":2,"name":"Destinos","item":"https:\/\/sustainabletoursamsterdam.com\/es\/destinos\/"},{"@type":"ListItem","position":3,"name":"Tours Volendam"}]},{"@type":"WebSite","@id":"https:\/\/sustainabletoursamsterdam.com\/es\/#website","url":"https:\/\/sustainabletoursamsterdam.com\/es\/","name":"Sustainable Tours Amsterdam","description":"Sustainable rides to top attrractions","potentialAction":[{"@type":"SearchAction","target":{"@type":"EntryPoint","urlTemplate":"https:\/\/sustainabletoursamsterdam.com\/es\/?s={search_term_string}"},"query-input":{"@type":"PropertyValueSpecification","valueRequired":true,"valueName":"search_term_string"}}],"inLanguage":"es"}]}},"_links":{"self":[{"href":"https:\/\/sustainabletoursamsterdam.com\/es\/wp-json\/wp\/v2\/pages\/3545","targetHints":{"allow":["GET"]}}],"collection":[{"href":"https:\/\/sustainabletoursamsterdam.com\/es\/wp-json\/wp\/v2\/pages"}],"about":[{"href":"https:\/\/sustainabletoursamsterdam.com\/es\/wp-json\/wp\/v2\/types\/page"}],"author":[{"embeddable":true,"href":"https:\/\/sustainabletoursamsterdam.com\/es\/wp-json\/wp\/v2\/users\/1"}],"replies":[{"embeddable":true,"href":"https:\/\/sustainabletoursamsterdam.com\/es\/wp-json\/wp\/v2\/comments?post=3545"}],"version-history":[{"count":0,"href":"https:\/\/sustainabletoursamsterdam.com\/es\/wp-json\/wp\/v2\/pages\/3545\/revisions"}],"up":[{"embeddable":true,"href":"https:\/\/sustainabletoursamsterdam.com\/es\/wp-json\/wp\/v2\/pages\/3453"}],"wp:attachment":[{"href":"https:\/\/sustainabletoursamsterdam.com\/es\/wp-json\/wp\/v2\/media?parent=3545"}],"curies":[{"name":"wp","href":"https:\/\/api.w.org\/{rel}","templated":true}]}}